{"id":14021,"date":"2024-04-01T17:05:47","date_gmt":"2024-04-01T17:05:47","guid":{"rendered":"https:\/\/www.bioram-tr.com\/?post_type=product&#038;p=14021"},"modified":"2024-04-03T11:49:36","modified_gmt":"2024-04-03T11:49:36","slug":"%d8%b4%d8%b1%d9%8a%d8%b7-%d8%a7%d8%ae%d8%aa%d8%a8%d8%a7%d8%b1-ctnl-%d8%a7%d9%84%d8%b3%d8%b1%d9%8a%d8%b9","status":"publish","type":"product","link":"https:\/\/www.bioram-tr.com\/tr\/urun\/%d8%b4%d8%b1%d9%8a%d8%b7-%d8%a7%d8%ae%d8%aa%d8%a8%d8%a7%d8%b1-ctnl-%d8%a7%d9%84%d8%b3%d8%b1%d9%8a%d8%b9\/","title":{"rendered":"CTNL h\u0131zl\u0131 test \u015feridi"},"content":{"rendered":"","protected":false},"excerpt":{"rendered":"","protected":false},"featured_media":14072,"template":"","meta":[],"product_cat":[72],"product_tag":[],"_links":{"self":[{"href":"https:\/\/www.bioram-tr.com\/tr\/wp-json\/wp\/v2\/product\/14021"}],"collection":[{"href":"https:\/\/www.bioram-tr.com\/tr\/wp-json\/wp\/v2\/product"}],"about":[{"href":"https:\/\/www.bioram-tr.com\/tr\/wp-json\/wp\/v2\/types\/product"}],"wp:featuredmedia":[{"embeddable":true,"href":"https:\/\/www.bioram-tr.com\/tr\/wp-json\/wp\/v2\/media\/14072"}],"wp:attachment":[{"href":"https:\/\/www.bioram-tr.com\/tr\/wp-json\/wp\/v2\/media?parent=14021"}],"wp:term":[{"taxonomy":"product_cat","embeddable":true,"href":"https:\/\/www.bioram-tr.com\/tr\/wp-json\/wp\/v2\/product_cat?post=14021"},{"taxonomy":"product_tag","embeddable":true,"href":"https:\/\/www.bioram-tr.com\/tr\/wp-json\/wp\/v2\/product_tag?post=14021"}],"curies":[{"name":"wp","href":"https:\/\/api.w.org\/{rel}","templated":true}]}}