{"id":14015,"date":"2024-04-01T17:00:40","date_gmt":"2024-04-01T17:00:40","guid":{"rendered":"https:\/\/www.bioram-tr.com\/?post_type=product&#038;p=14015"},"modified":"2024-04-03T11:51:25","modified_gmt":"2024-04-03T11:51:25","slug":"%d8%ac%d9%87%d8%a7%d8%b2-%d8%a7%d8%ae%d8%aa%d8%a8%d8%a7%d8%b1-%d8%a7%d9%84%d8%b9%d9%82%d8%a7%d9%82%d9%8a%d8%b1-%d9%85%d8%aa%d8%b9%d8%af%d8%af%d8%a9-%d8%a7%d9%84%d8%a3%d8%af%d9%88%d9%8a%d8%a9-%d8%a8","status":"publish","type":"product","link":"https:\/\/www.bioram-tr.com\/tr\/urun\/%d8%ac%d9%87%d8%a7%d8%b2-%d8%a7%d8%ae%d8%aa%d8%a8%d8%a7%d8%b1-%d8%a7%d9%84%d8%b9%d9%82%d8%a7%d9%82%d9%8a%d8%b1-%d9%85%d8%aa%d8%b9%d8%af%d8%af%d8%a9-%d8%a7%d9%84%d8%a3%d8%af%d9%88%d9%8a%d8%a9-%d8%a8\/","title":{"rendered":"12 ila\u00e7l\u0131 \u00e7ok ila\u00e7l\u0131 ila\u00e7 test cihaz\u0131"},"content":{"rendered":"","protected":false},"excerpt":{"rendered":"","protected":false},"featured_media":14072,"template":"","meta":[],"product_cat":[72],"product_tag":[],"_links":{"self":[{"href":"https:\/\/www.bioram-tr.com\/tr\/wp-json\/wp\/v2\/product\/14015"}],"collection":[{"href":"https:\/\/www.bioram-tr.com\/tr\/wp-json\/wp\/v2\/product"}],"about":[{"href":"https:\/\/www.bioram-tr.com\/tr\/wp-json\/wp\/v2\/types\/product"}],"wp:featuredmedia":[{"embeddable":true,"href":"https:\/\/www.bioram-tr.com\/tr\/wp-json\/wp\/v2\/media\/14072"}],"wp:attachment":[{"href":"https:\/\/www.bioram-tr.com\/tr\/wp-json\/wp\/v2\/media?parent=14015"}],"wp:term":[{"taxonomy":"product_cat","embeddable":true,"href":"https:\/\/www.bioram-tr.com\/tr\/wp-json\/wp\/v2\/product_cat?post=14015"},{"taxonomy":"product_tag","embeddable":true,"href":"https:\/\/www.bioram-tr.com\/tr\/wp-json\/wp\/v2\/product_tag?post=14015"}],"curies":[{"name":"wp","href":"https:\/\/api.w.org\/{rel}","templated":true}]}}