{"id":14013,"date":"2024-04-01T15:49:45","date_gmt":"2024-04-01T15:49:45","guid":{"rendered":"https:\/\/www.bioram-tr.com\/?post_type=product&#038;p=14013"},"modified":"2024-04-03T11:51:47","modified_gmt":"2024-04-03T11:51:47","slug":"%d8%b4%d8%b1%d9%8a%d8%b7-%d8%a7%d8%ae%d8%aa%d8%a8%d8%a7%d8%b1-%d8%b3%d8%b1%d9%8a%d8%b9-%d9%84%d9%84%d9%83%d8%b4%d9%81-%d8%b9%d9%86-%d8%ae%d9%85%d8%b3%d8%a9-%d8%a3%d8%af%d9%88%d9%8a%d8%a9-%d9%85%d8%aa","status":"publish","type":"product","link":"https:\/\/www.bioram-tr.com\/tr\/urun\/%d8%b4%d8%b1%d9%8a%d8%b7-%d8%a7%d8%ae%d8%aa%d8%a8%d8%a7%d8%b1-%d8%b3%d8%b1%d9%8a%d8%b9-%d9%84%d9%84%d9%83%d8%b4%d9%81-%d8%b9%d9%86-%d8%ae%d9%85%d8%b3%d8%a9-%d8%a3%d8%af%d9%88%d9%8a%d8%a9-%d9%85%d8%aa\/","title":{"rendered":"Be\u015f \u00e7oklu ilac\u0131 tespit etmek i\u00e7in h\u0131zl\u0131 bir test \u015feridi"},"content":{"rendered":"","protected":false},"excerpt":{"rendered":"","protected":false},"featured_media":14072,"template":"","meta":[],"product_cat":[72],"product_tag":[],"_links":{"self":[{"href":"https:\/\/www.bioram-tr.com\/tr\/wp-json\/wp\/v2\/product\/14013"}],"collection":[{"href":"https:\/\/www.bioram-tr.com\/tr\/wp-json\/wp\/v2\/product"}],"about":[{"href":"https:\/\/www.bioram-tr.com\/tr\/wp-json\/wp\/v2\/types\/product"}],"wp:featuredmedia":[{"embeddable":true,"href":"https:\/\/www.bioram-tr.com\/tr\/wp-json\/wp\/v2\/media\/14072"}],"wp:attachment":[{"href":"https:\/\/www.bioram-tr.com\/tr\/wp-json\/wp\/v2\/media?parent=14013"}],"wp:term":[{"taxonomy":"product_cat","embeddable":true,"href":"https:\/\/www.bioram-tr.com\/tr\/wp-json\/wp\/v2\/product_cat?post=14013"},{"taxonomy":"product_tag","embeddable":true,"href":"https:\/\/www.bioram-tr.com\/tr\/wp-json\/wp\/v2\/product_tag?post=14013"}],"curies":[{"name":"wp","href":"https:\/\/api.w.org\/{rel}","templated":true}]}}