{"id":14009,"date":"2024-04-01T15:44:28","date_gmt":"2024-04-01T15:44:28","guid":{"rendered":"https:\/\/www.bioram-tr.com\/?post_type=product&#038;p=14009"},"modified":"2024-04-03T11:52:32","modified_gmt":"2024-04-03T11:52:32","slug":"%d8%b4%d8%b1%d9%8a%d8%b7-%d8%a7%d8%ae%d8%aa%d8%a8%d8%a7%d8%b1-%d8%b3%d8%b1%d9%8a%d8%b9-%d9%84%d9%84%d8%aa%d8%ad%d9%84%d9%8a%d9%84-%d8%a7%d9%84%d9%85%d8%b3%d8%aa%d8%b9%d8%ac%d9%84-a-%d8%ae%d8%b7","status":"publish","type":"product","link":"https:\/\/www.bioram-tr.com\/tr\/urun\/%d8%b4%d8%b1%d9%8a%d8%b7-%d8%a7%d8%ae%d8%aa%d8%a8%d8%a7%d8%b1-%d8%b3%d8%b1%d9%8a%d8%b9-%d9%84%d9%84%d8%aa%d8%ad%d9%84%d9%8a%d9%84-%d8%a7%d9%84%d9%85%d8%b3%d8%aa%d8%b9%d8%ac%d9%84-a-%d8%ae%d8%b7\/","title":{"rendered":"Acil analiz i\u00e7in h\u0131zl\u0131 test \u015feridi A (k\u0131rm\u0131z\u0131 kontrol hatt\u0131)"},"content":{"rendered":"","protected":false},"excerpt":{"rendered":"","protected":false},"featured_media":14072,"template":"","meta":[],"product_cat":[71],"product_tag":[],"_links":{"self":[{"href":"https:\/\/www.bioram-tr.com\/tr\/wp-json\/wp\/v2\/product\/14009"}],"collection":[{"href":"https:\/\/www.bioram-tr.com\/tr\/wp-json\/wp\/v2\/product"}],"about":[{"href":"https:\/\/www.bioram-tr.com\/tr\/wp-json\/wp\/v2\/types\/product"}],"wp:featuredmedia":[{"embeddable":true,"href":"https:\/\/www.bioram-tr.com\/tr\/wp-json\/wp\/v2\/media\/14072"}],"wp:attachment":[{"href":"https:\/\/www.bioram-tr.com\/tr\/wp-json\/wp\/v2\/media?parent=14009"}],"wp:term":[{"taxonomy":"product_cat","embeddable":true,"href":"https:\/\/www.bioram-tr.com\/tr\/wp-json\/wp\/v2\/product_cat?post=14009"},{"taxonomy":"product_tag","embeddable":true,"href":"https:\/\/www.bioram-tr.com\/tr\/wp-json\/wp\/v2\/product_tag?post=14009"}],"curies":[{"name":"wp","href":"https:\/\/api.w.org\/{rel}","templated":true}]}}