{"id":14003,"date":"2024-04-01T15:36:52","date_gmt":"2024-04-01T15:36:52","guid":{"rendered":"https:\/\/www.bioram-tr.com\/?post_type=product&#038;p=14003"},"modified":"2024-04-03T11:53:35","modified_gmt":"2024-04-03T11:53:35","slug":"%d8%b4%d8%b1%d9%8a%d8%b7-%d8%a7%d8%ae%d8%aa%d8%a8%d8%a7%d8%b1-%d8%b3%d8%b1%d9%8a%d8%b9-%d9%84%d9%81%d9%8a%d8%b1%d9%88%d8%b3-%d8%a7%d9%84%d8%aa%d9%87%d8%a7%d8%a8-%d8%a7%d9%84%d9%83%d8%a8%d8%af-c","status":"publish","type":"product","link":"https:\/\/www.bioram-tr.com\/tr\/urun\/%d8%b4%d8%b1%d9%8a%d8%b7-%d8%a7%d8%ae%d8%aa%d8%a8%d8%a7%d8%b1-%d8%b3%d8%b1%d9%8a%d8%b9-%d9%84%d9%81%d9%8a%d8%b1%d9%88%d8%b3-%d8%a7%d9%84%d8%aa%d9%87%d8%a7%d8%a8-%d8%a7%d9%84%d9%83%d8%a8%d8%af-c\/","title":{"rendered":"Hepatit C vir\u00fcs\u00fc h\u0131zl\u0131 test \u015feridi"},"content":{"rendered":"","protected":false},"excerpt":{"rendered":"","protected":false},"featured_media":14072,"template":"","meta":[],"product_cat":[71],"product_tag":[],"_links":{"self":[{"href":"https:\/\/www.bioram-tr.com\/tr\/wp-json\/wp\/v2\/product\/14003"}],"collection":[{"href":"https:\/\/www.bioram-tr.com\/tr\/wp-json\/wp\/v2\/product"}],"about":[{"href":"https:\/\/www.bioram-tr.com\/tr\/wp-json\/wp\/v2\/types\/product"}],"wp:featuredmedia":[{"embeddable":true,"href":"https:\/\/www.bioram-tr.com\/tr\/wp-json\/wp\/v2\/media\/14072"}],"wp:attachment":[{"href":"https:\/\/www.bioram-tr.com\/tr\/wp-json\/wp\/v2\/media?parent=14003"}],"wp:term":[{"taxonomy":"product_cat","embeddable":true,"href":"https:\/\/www.bioram-tr.com\/tr\/wp-json\/wp\/v2\/product_cat?post=14003"},{"taxonomy":"product_tag","embeddable":true,"href":"https:\/\/www.bioram-tr.com\/tr\/wp-json\/wp\/v2\/product_tag?post=14003"}],"curies":[{"name":"wp","href":"https:\/\/api.w.org\/{rel}","templated":true}]}}