{"id":13991,"date":"2024-04-01T15:22:09","date_gmt":"2024-04-01T15:22:09","guid":{"rendered":"https:\/\/www.bioram-tr.com\/?post_type=product&#038;p=13991"},"modified":"2024-04-03T11:56:22","modified_gmt":"2024-04-03T11:56:22","slug":"%d8%b4%d8%b1%d9%8a%d8%b7-%d8%a7%d8%ae%d8%aa%d8%a8%d8%a7%d8%b1-%d8%b3%d8%b1%d9%8a%d8%b9-%d9%84%d8%a3%d8%ac%d8%b3%d8%a7%d9%85-%d8%a7%d9%84%d9%85%d8%b6%d8%a7%d8%af%d8%a9-%d9%84%d8%a8%d9%83%d8%aa%d9%8a","status":"publish","type":"product","link":"https:\/\/www.bioram-tr.com\/tr\/urun\/%d8%b4%d8%b1%d9%8a%d8%b7-%d8%a7%d8%ae%d8%aa%d8%a8%d8%a7%d8%b1-%d8%b3%d8%b1%d9%8a%d8%b9-%d9%84%d8%a3%d8%ac%d8%b3%d8%a7%d9%85-%d8%a7%d9%84%d9%85%d8%b6%d8%a7%d8%af%d8%a9-%d9%84%d8%a8%d9%83%d8%aa%d9%8a\/","title":{"rendered":"Bakteriye kar\u015f\u0131 antikorlar i\u00e7in h\u0131zl\u0131 bir test \u015feridi Helicobacter pylori (H. pylori) pylori)"},"content":{"rendered":"","protected":false},"excerpt":{"rendered":"","protected":false},"featured_media":14072,"template":"","meta":[],"product_cat":[71],"product_tag":[],"_links":{"self":[{"href":"https:\/\/www.bioram-tr.com\/tr\/wp-json\/wp\/v2\/product\/13991"}],"collection":[{"href":"https:\/\/www.bioram-tr.com\/tr\/wp-json\/wp\/v2\/product"}],"about":[{"href":"https:\/\/www.bioram-tr.com\/tr\/wp-json\/wp\/v2\/types\/product"}],"wp:featuredmedia":[{"embeddable":true,"href":"https:\/\/www.bioram-tr.com\/tr\/wp-json\/wp\/v2\/media\/14072"}],"wp:attachment":[{"href":"https:\/\/www.bioram-tr.com\/tr\/wp-json\/wp\/v2\/media?parent=13991"}],"wp:term":[{"taxonomy":"product_cat","embeddable":true,"href":"https:\/\/www.bioram-tr.com\/tr\/wp-json\/wp\/v2\/product_cat?post=13991"},{"taxonomy":"product_tag","embeddable":true,"href":"https:\/\/www.bioram-tr.com\/tr\/wp-json\/wp\/v2\/product_tag?post=13991"}],"curies":[{"name":"wp","href":"https:\/\/api.w.org\/{rel}","templated":true}]}}