{"id":13969,"date":"2024-04-01T14:12:15","date_gmt":"2024-04-01T14:12:15","guid":{"rendered":"https:\/\/www.bioram-tr.com\/?post_type=product&#038;p=13969"},"modified":"2024-04-03T11:58:15","modified_gmt":"2024-04-03T11:58:15","slug":"%d8%a7%d8%ae%d8%aa%d8%a8%d8%a7%d8%b1-amh-%d8%a7%d9%84%d8%b3%d8%b1%d9%8a%d8%b9-%d9%84%d9%84%d8%af%d9%85-%d8%a7%d9%84%d8%b3%d8%a7%d8%a6%d9%84-%d8%a7%d9%84%d8%af%d9%85%d9%88%d9%8a-%d8%a7%d9%84%d8%a8","status":"publish","type":"product","link":"https:\/\/www.bioram-tr.com\/tr\/urun\/%d8%a7%d8%ae%d8%aa%d8%a8%d8%a7%d8%b1-amh-%d8%a7%d9%84%d8%b3%d8%b1%d9%8a%d8%b9-%d9%84%d9%84%d8%af%d9%85-%d8%a7%d9%84%d8%b3%d8%a7%d8%a6%d9%84-%d8%a7%d9%84%d8%af%d9%85%d9%88%d9%8a-%d8%a7%d9%84%d8%a8\/","title":{"rendered":"AMH h\u0131zl\u0131 testi-kan \/ kanl\u0131 s\u0131v\u0131 \/ idrar i\u00e7in"},"content":{"rendered":"","protected":false},"excerpt":{"rendered":"","protected":false},"featured_media":14072,"template":"","meta":[],"product_cat":[70],"product_tag":[],"_links":{"self":[{"href":"https:\/\/www.bioram-tr.com\/tr\/wp-json\/wp\/v2\/product\/13969"}],"collection":[{"href":"https:\/\/www.bioram-tr.com\/tr\/wp-json\/wp\/v2\/product"}],"about":[{"href":"https:\/\/www.bioram-tr.com\/tr\/wp-json\/wp\/v2\/types\/product"}],"wp:featuredmedia":[{"embeddable":true,"href":"https:\/\/www.bioram-tr.com\/tr\/wp-json\/wp\/v2\/media\/14072"}],"wp:attachment":[{"href":"https:\/\/www.bioram-tr.com\/tr\/wp-json\/wp\/v2\/media?parent=13969"}],"wp:term":[{"taxonomy":"product_cat","embeddable":true,"href":"https:\/\/www.bioram-tr.com\/tr\/wp-json\/wp\/v2\/product_cat?post=13969"},{"taxonomy":"product_tag","embeddable":true,"href":"https:\/\/www.bioram-tr.com\/tr\/wp-json\/wp\/v2\/product_tag?post=13969"}],"curies":[{"name":"wp","href":"https:\/\/api.w.org\/{rel}","templated":true}]}}