{"id":13967,"date":"2024-04-01T14:11:22","date_gmt":"2024-04-01T14:11:22","guid":{"rendered":"https:\/\/www.bioram-tr.com\/?post_type=product&#038;p=13967"},"modified":"2024-04-03T11:59:12","modified_gmt":"2024-04-03T11:59:12","slug":"%d8%a7%d8%ae%d8%aa%d8%a8%d8%a7%d8%b1-torch-igg-igm-%d8%a7%d9%84%d9%85%d8%af%d9%85%d8%ac-%d8%a7%d9%84%d8%b3%d8%b1%d9%8a%d8%b9-%d8%a8%d9%88%d8%a7%d8%b3%d8%b7%d8%a9-%d9%83%d8%a7%d8%b3%d9%8a%d8%aa","status":"publish","type":"product","link":"https:\/\/www.bioram-tr.com\/tr\/urun\/%d8%a7%d8%ae%d8%aa%d8%a8%d8%a7%d8%b1-torch-igg-igm-%d8%a7%d9%84%d9%85%d8%af%d9%85%d8%ac-%d8%a7%d9%84%d8%b3%d8%b1%d9%8a%d8%b9-%d8%a8%d9%88%d8%a7%d8%b3%d8%b7%d8%a9-%d9%83%d8%a7%d8%b3%d9%8a%d8%aa\/","title":{"rendered":"Kaset ile Torchigg \/ IGM h\u0131zl\u0131 yerle\u015fik Testi"},"content":{"rendered":"","protected":false},"excerpt":{"rendered":"","protected":false},"featured_media":14072,"template":"","meta":[],"product_cat":[70],"product_tag":[],"_links":{"self":[{"href":"https:\/\/www.bioram-tr.com\/tr\/wp-json\/wp\/v2\/product\/13967"}],"collection":[{"href":"https:\/\/www.bioram-tr.com\/tr\/wp-json\/wp\/v2\/product"}],"about":[{"href":"https:\/\/www.bioram-tr.com\/tr\/wp-json\/wp\/v2\/types\/product"}],"wp:featuredmedia":[{"embeddable":true,"href":"https:\/\/www.bioram-tr.com\/tr\/wp-json\/wp\/v2\/media\/14072"}],"wp:attachment":[{"href":"https:\/\/www.bioram-tr.com\/tr\/wp-json\/wp\/v2\/media?parent=13967"}],"wp:term":[{"taxonomy":"product_cat","embeddable":true,"href":"https:\/\/www.bioram-tr.com\/tr\/wp-json\/wp\/v2\/product_cat?post=13967"},{"taxonomy":"product_tag","embeddable":true,"href":"https:\/\/www.bioram-tr.com\/tr\/wp-json\/wp\/v2\/product_tag?post=13967"}],"curies":[{"name":"wp","href":"https:\/\/api.w.org\/{rel}","templated":true}]}}