{"id":13964,"date":"2024-04-01T14:09:56","date_gmt":"2024-04-01T14:09:56","guid":{"rendered":"https:\/\/www.bioram-tr.com\/?post_type=product&#038;p=13964"},"modified":"2024-04-03T12:00:25","modified_gmt":"2024-04-03T12:00:25","slug":"%d8%a7%d8%ae%d8%aa%d8%a8%d8%a7%d8%b1-%d8%a7%d9%84%d8%ad%d8%b5%d8%a8%d8%a9-%d8%a7%d9%84%d8%a3%d9%84%d9%85%d8%a7%d9%86%d9%8a%d8%a9-igg-igm-%d8%a7%d9%84%d8%b3%d8%b1%d9%8a%d8%b9-%d8%a8%d9%88%d8%a7%d8%b3","status":"publish","type":"product","link":"https:\/\/www.bioram-tr.com\/tr\/urun\/%d8%a7%d8%ae%d8%aa%d8%a8%d8%a7%d8%b1-%d8%a7%d9%84%d8%ad%d8%b5%d8%a8%d8%a9-%d8%a7%d9%84%d8%a3%d9%84%d9%85%d8%a7%d9%86%d9%8a%d8%a9-igg-igm-%d8%a7%d9%84%d8%b3%d8%b1%d9%8a%d8%b9-%d8%a8%d9%88%d8%a7%d8%b3\/","title":{"rendered":"Kasetle h\u0131zl\u0131 k\u0131zam\u0131k\u00e7\u0131k IgG \/ IgM testi"},"content":{"rendered":"","protected":false},"excerpt":{"rendered":"","protected":false},"featured_media":14072,"template":"","meta":[],"product_cat":[70],"product_tag":[],"_links":{"self":[{"href":"https:\/\/www.bioram-tr.com\/tr\/wp-json\/wp\/v2\/product\/13964"}],"collection":[{"href":"https:\/\/www.bioram-tr.com\/tr\/wp-json\/wp\/v2\/product"}],"about":[{"href":"https:\/\/www.bioram-tr.com\/tr\/wp-json\/wp\/v2\/types\/product"}],"wp:featuredmedia":[{"embeddable":true,"href":"https:\/\/www.bioram-tr.com\/tr\/wp-json\/wp\/v2\/media\/14072"}],"wp:attachment":[{"href":"https:\/\/www.bioram-tr.com\/tr\/wp-json\/wp\/v2\/media?parent=13964"}],"wp:term":[{"taxonomy":"product_cat","embeddable":true,"href":"https:\/\/www.bioram-tr.com\/tr\/wp-json\/wp\/v2\/product_cat?post=13964"},{"taxonomy":"product_tag","embeddable":true,"href":"https:\/\/www.bioram-tr.com\/tr\/wp-json\/wp\/v2\/product_tag?post=13964"}],"curies":[{"name":"wp","href":"https:\/\/api.w.org\/{rel}","templated":true}]}}